{"id":290,"date":"2020-04-13T07:06:52","date_gmt":"2020-04-13T07:06:52","guid":{"rendered":"http:\/\/interaktiv.chemieseiten.de\/?page_id=290"},"modified":"2020-11-29T12:04:46","modified_gmt":"2020-11-29T12:04:46","slug":"lernsoftware-laborgeraete","status":"publish","type":"page","link":"https:\/\/www.chemieseiten.de\/?page_id=290","title":{"rendered":"Lernsoftware Laborger\u00e4te"},"content":{"rendered":"\n<p class=\"has-white-color has-primary-background-color has-text-color has-background has-medium-font-size\">Download: <strong><a rel=\"noreferrer noopener\" href=\"https:\/\/www.chemieseiten.de\/download\/chemielabor.exe\" target=\"_blank\">Laborger\u00e4te\u00a0<\/a>\u00a0\u00a0\u00a0(2 MB)<\/strong>(Rechtsklick &#8211; &#8222;Link in neuem TAB \u00f6ffnen&#8220;)<\/p>\n\n\n\n<p>Kleine \u00dcbung f\u00fcr &#8222;<abbr class='c2c-text-hover' title='Naturwissenschaft, die die Eigenschaften, die Zusammensetzung und die Umwandlung der Stoffe und ihrer Verbindungen erforscht'>Chemie<\/abbr>-Anf\u00e4nger&#8220;.Finde die richtigen&nbsp;<strong>Namen zu<\/strong>&nbsp;den gezeigten&nbsp;<strong>Laborger\u00e4ten<\/strong>. Kann aber auch peinlich werden, wenn man denkt man kann das sicher. Also mutig, mutig &#8230;<\/p>\n\n\n\n<figure class=\"wp-block-gallery columns-3 is-cropped wp-block-gallery-2 is-layout-flex wp-block-gallery-is-layout-flex\"><ul class=\"blocks-gallery-grid\"><li class=\"blocks-gallery-item\"><figure><img loading=\"lazy\" decoding=\"async\" width=\"379\" height=\"293\" src=\"http:\/\/interaktiv.chemieseiten.de\/wp-content\/uploads\/2020\/04\/chemielabor1_1.jpg\" alt=\"\" data-id=\"291\" data-full-url=\"http:\/\/interaktiv.chemieseiten.de\/wp-content\/uploads\/2020\/04\/chemielabor1_1.jpg\" data-link=\"http:\/\/interaktiv.chemieseiten.de\/?attachment_id=291\" class=\"wp-image-291\" srcset=\"https:\/\/www.chemieseiten.de\/wp-content\/uploads\/2020\/04\/chemielabor1_1.jpg 379w, https:\/\/www.chemieseiten.de\/wp-content\/uploads\/2020\/04\/chemielabor1_1-300x232.jpg 300w\" sizes=\"auto, (max-width: 379px) 100vw, 379px\" \/><\/figure><\/li><li class=\"blocks-gallery-item\"><figure><img loading=\"lazy\" decoding=\"async\" width=\"380\" height=\"295\" src=\"http:\/\/interaktiv.chemieseiten.de\/wp-content\/uploads\/2020\/04\/chemielabor1_2.jpg\" alt=\"\" data-id=\"292\" data-full-url=\"http:\/\/interaktiv.chemieseiten.de\/wp-content\/uploads\/2020\/04\/chemielabor1_2.jpg\" data-link=\"http:\/\/interaktiv.chemieseiten.de\/?attachment_id=292\" class=\"wp-image-292\" srcset=\"https:\/\/www.chemieseiten.de\/wp-content\/uploads\/2020\/04\/chemielabor1_2.jpg 380w, https:\/\/www.chemieseiten.de\/wp-content\/uploads\/2020\/04\/chemielabor1_2-300x233.jpg 300w\" sizes=\"auto, (max-width: 380px) 100vw, 380px\" \/><\/figure><\/li><li class=\"blocks-gallery-item\"><figure><img loading=\"lazy\" decoding=\"async\" width=\"350\" height=\"261\" src=\"http:\/\/interaktiv.chemieseiten.de\/wp-content\/uploads\/2020\/04\/chemielabor1_3.jpg\" alt=\"\" data-id=\"293\" data-full-url=\"http:\/\/interaktiv.chemieseiten.de\/wp-content\/uploads\/2020\/04\/chemielabor1_3.jpg\" data-link=\"http:\/\/interaktiv.chemieseiten.de\/?attachment_id=293\" class=\"wp-image-293\" srcset=\"https:\/\/www.chemieseiten.de\/wp-content\/uploads\/2020\/04\/chemielabor1_3.jpg 350w, https:\/\/www.chemieseiten.de\/wp-content\/uploads\/2020\/04\/chemielabor1_3-300x224.jpg 300w\" sizes=\"auto, (max-width: 350px) 100vw, 350px\" \/><\/figure><\/li><\/ul><\/figure>\n<div class=\"pvc_clear\"><\/div><p id=\"pvc_stats_290\" class=\"pvc_stats all  \" data-element-id=\"290\" style=\"\"><i class=\"pvc-stats-icon small\" aria-hidden=\"true\"><svg aria-hidden=\"true\" focusable=\"false\" data-prefix=\"far\" data-icon=\"chart-bar\" role=\"img\" xmlns=\"http:\/\/www.w3.org\/2000\/svg\" viewBox=\"0 0 512 512\" class=\"svg-inline--fa fa-chart-bar fa-w-16 fa-2x\"><path fill=\"currentColor\" d=\"M396.8 352h22.4c6.4 0 12.8-6.4 12.8-12.8V108.8c0-6.4-6.4-12.8-12.8-12.8h-22.4c-6.4 0-12.8 6.4-12.8 12.8v230.4c0 6.4 6.4 12.8 12.8 12.8zm-192 0h22.4c6.4 0 12.8-6.4 12.8-12.8V140.8c0-6.4-6.4-12.8-12.8-12.8h-22.4c-6.4 0-12.8 6.4-12.8 12.8v198.4c0 6.4 6.4 12.8 12.8 12.8zm96 0h22.4c6.4 0 12.8-6.4 12.8-12.8V204.8c0-6.4-6.4-12.8-12.8-12.8h-22.4c-6.4 0-12.8 6.4-12.8 12.8v134.4c0 6.4 6.4 12.8 12.8 12.8zM496 400H48V80c0-8.84-7.16-16-16-16H16C7.16 64 0 71.16 0 80v336c0 17.67 14.33 32 32 32h464c8.84 0 16-7.16 16-16v-16c0-8.84-7.16-16-16-16zm-387.2-48h22.4c6.4 0 12.8-6.4 12.8-12.8v-70.4c0-6.4-6.4-12.8-12.8-12.8h-22.4c-6.4 0-12.8 6.4-12.8 12.8v70.4c0 6.4 6.4 12.8 12.8 12.8z\" class=\"\"><\/path><\/svg><\/i> <img loading=\"lazy\" decoding=\"async\" width=\"16\" height=\"16\" alt=\"Loading\" src=\"https:\/\/www.chemieseiten.de\/wp-content\/plugins\/page-views-count\/ajax-loader-2x.gif\" border=0 \/><\/p><div class=\"pvc_clear\"><\/div> ","protected":false},"excerpt":{"rendered":"<p>Download: Laborger\u00e4te\u00a0\u00a0\u00a0\u00a0(2 MB)(Rechtsklick &#8211; &#8222;Link in neuem TAB \u00f6ffnen&#8220;) Kleine \u00dcbung f\u00fcr &#8222;<abbr class='c2c-text-hover' title='Naturwissenschaft, die die Eigenschaften, die Zusammensetzung und die Umwandlung der Stoffe und ihrer Verbindungen erforscht'>Chemie<\/abbr>-Anf\u00e4nger&#8220;.Finde die richtigen&nbsp;Namen zu&nbsp;den gezeigten&nbsp;Laborger\u00e4ten. Kann aber auch peinlich werden, wenn man denkt man kann das sicher. Also mutig, mutig &#8230;<\/p>\n<div class=\"pvc_clear\"><\/div>\n<p id=\"pvc_stats_290\" class=\"pvc_stats all  \" data-element-id=\"290\" style=\"\"><i class=\"pvc-stats-icon small\" aria-hidden=\"true\"><svg aria-hidden=\"true\" focusable=\"false\" data-prefix=\"far\" data-icon=\"chart-bar\" role=\"img\" xmlns=\"http:\/\/www.w3.org\/2000\/svg\" viewBox=\"0 0 512 512\" class=\"svg-inline--fa fa-chart-bar fa-w-16 fa-2x\"><path fill=\"currentColor\" d=\"M396.8 352h22.4c6.4 0 12.8-6.4 12.8-12.8V108.8c0-6.4-6.4-12.8-12.8-12.8h-22.4c-6.4 0-12.8 6.4-12.8 12.8v230.4c0 6.4 6.4 12.8 12.8 12.8zm-192 0h22.4c6.4 0 12.8-6.4 12.8-12.8V140.8c0-6.4-6.4-12.8-12.8-12.8h-22.4c-6.4 0-12.8 6.4-12.8 12.8v198.4c0 6.4 6.4 12.8 12.8 12.8zm96 0h22.4c6.4 0 12.8-6.4 12.8-12.8V204.8c0-6.4-6.4-12.8-12.8-12.8h-22.4c-6.4 0-12.8 6.4-12.8 12.8v134.4c0 6.4 6.4 12.8 12.8 12.8zM496 400H48V80c0-8.84-7.16-16-16-16H16C7.16 64 0 71.16 0 80v336c0 17.67 14.33 32 32 32h464c8.84 0 16-7.16 16-16v-16c0-8.84-7.16-16-16-16zm-387.2-48h22.4c6.4 0 12.8-6.4 12.8-12.8v-70.4c0-6.4-6.4-12.8-12.8-12.8h-22.4c-6.4 0-12.8 6.4-12.8 12.8v70.4c0 6.4 6.4 12.8 12.8 12.8z\" class=\"\"><\/path><\/svg><\/i> <img loading=\"lazy\" decoding=\"async\" width=\"16\" height=\"16\" alt=\"Loading\" src=\"https:\/\/www.chemieseiten.de\/wp-content\/plugins\/page-views-count\/ajax-loader-2x.gif\" border=0 \/><\/p>\n<div class=\"pvc_clear\"><\/div>\n","protected":false},"author":1,"featured_media":0,"parent":0,"menu_order":0,"comment_status":"closed","ping_status":"closed","template":"","meta":{"footnotes":""},"class_list":["post-290","page","type-page","status-publish","hentry"],"a3_pvc":{"activated":true,"total_views":3039,"today_views":0},"_links":{"self":[{"href":"https:\/\/www.chemieseiten.de\/index.php?rest_route=\/wp\/v2\/pages\/290","targetHints":{"allow":["GET"]}}],"collection":[{"href":"https:\/\/www.chemieseiten.de\/index.php?rest_route=\/wp\/v2\/pages"}],"about":[{"href":"https:\/\/www.chemieseiten.de\/index.php?rest_route=\/wp\/v2\/types\/page"}],"author":[{"embeddable":true,"href":"https:\/\/www.chemieseiten.de\/index.php?rest_route=\/wp\/v2\/users\/1"}],"replies":[{"embeddable":true,"href":"https:\/\/www.chemieseiten.de\/index.php?rest_route=%2Fwp%2Fv2%2Fcomments&post=290"}],"version-history":[{"count":0,"href":"https:\/\/www.chemieseiten.de\/index.php?rest_route=\/wp\/v2\/pages\/290\/revisions"}],"wp:attachment":[{"href":"https:\/\/www.chemieseiten.de\/index.php?rest_route=%2Fwp%2Fv2%2Fmedia&parent=290"}],"curies":[{"name":"wp","href":"https:\/\/api.w.org\/{rel}","templated":true}]}}