{"id":271,"date":"2020-04-13T06:39:29","date_gmt":"2020-04-13T06:39:29","guid":{"rendered":"http:\/\/interaktiv.chemieseiten.de\/?page_id=271"},"modified":"2020-11-29T12:03:08","modified_gmt":"2020-11-29T12:03:08","slug":"lernsoftware-ammoniak","status":"publish","type":"page","link":"https:\/\/www.chemieseiten.de\/?page_id=271","title":{"rendered":"Lernsoftware Ammoniak"},"content":{"rendered":"\n<p class=\"has-white-color has-primary-background-color has-text-color has-background has-medium-font-size\"><strong><a rel=\"noreferrer noopener\" href=\"https:\/\/www.chemieseiten.de\/download\/ammoniak.exe\" target=\"_blank\">Download: Ammoniak<\/a> (NH<sub>3<\/sub>)\u00a0<\/strong>\u00a0\u00a0\u00a0(1.6 MB) (Rechtsklick &#8211; &#8222;Link in neuem TAB \u00f6ffnen&#8220;)<\/p>\n\n\n\n<p>Das erste industrielle&nbsp;<strong>Hochdruckverfahren<\/strong>&nbsp;zur&nbsp;<strong>Erzeugung der Grundchemikalie Ammoniak<\/strong>&nbsp;f\u00fchrte Deutschland zur Unabh\u00e4ngigikeit vom Weltmarkt bzgl. der Herstellung wichtiger chemischer Produkte. Dieses Verfahren ist das&nbsp;<strong>&#8222;Haber-Bosch-Verfahren&#8220;<\/strong>, bei dem&nbsp;<strong>Ammoniak<\/strong>&nbsp;durch&nbsp;<strong>Elementsynthese<\/strong>&nbsp;hergestellt wird. Die&nbsp;<strong><abbr class='c2c-text-hover' title='Ausgangsstoffe sind Stoffe, die vor einer chemischen Reaktion vorliegen.'>Ausgangsstoffe<\/abbr><\/strong>(Edukte) und auch die&nbsp;<strong>Produkte der Synthese<\/strong>&nbsp;werden dargestellt. Ebenso wird auf die M\u00f6glichkeiten und Grenzen der&nbsp;<strong>Optimierung<\/strong>&nbsp;solcher&nbsp;<strong>druck- und temperaturabh\u00e4ngigen Gasreaktionen<\/strong>&nbsp;im technischen Ma\u00dfstab eingegangen.<\/p>\n\n\n\n<figure class=\"wp-block-gallery columns-3 is-cropped wp-block-gallery-2 is-layout-flex wp-block-gallery-is-layout-flex\"><ul class=\"blocks-gallery-grid\"><li class=\"blocks-gallery-item\"><figure><img loading=\"lazy\" decoding=\"async\" width=\"350\" height=\"263\" src=\"http:\/\/interaktiv.chemieseiten.de\/wp-content\/uploads\/2020\/04\/ammo_1.jpg\" alt=\"\" data-id=\"272\" data-full-url=\"http:\/\/interaktiv.chemieseiten.de\/wp-content\/uploads\/2020\/04\/ammo_1.jpg\" data-link=\"http:\/\/interaktiv.chemieseiten.de\/?attachment_id=272\" class=\"wp-image-272\" srcset=\"https:\/\/www.chemieseiten.de\/wp-content\/uploads\/2020\/04\/ammo_1.jpg 350w, https:\/\/www.chemieseiten.de\/wp-content\/uploads\/2020\/04\/ammo_1-300x225.jpg 300w\" sizes=\"auto, (max-width: 350px) 100vw, 350px\" \/><\/figure><\/li><li class=\"blocks-gallery-item\"><figure><img loading=\"lazy\" decoding=\"async\" width=\"350\" height=\"263\" src=\"http:\/\/interaktiv.chemieseiten.de\/wp-content\/uploads\/2020\/04\/ammo_1a.jpg\" alt=\"\" data-id=\"273\" data-full-url=\"http:\/\/interaktiv.chemieseiten.de\/wp-content\/uploads\/2020\/04\/ammo_1a.jpg\" data-link=\"http:\/\/interaktiv.chemieseiten.de\/?attachment_id=273\" class=\"wp-image-273\" srcset=\"https:\/\/www.chemieseiten.de\/wp-content\/uploads\/2020\/04\/ammo_1a.jpg 350w, https:\/\/www.chemieseiten.de\/wp-content\/uploads\/2020\/04\/ammo_1a-300x225.jpg 300w\" sizes=\"auto, (max-width: 350px) 100vw, 350px\" \/><\/figure><\/li><li class=\"blocks-gallery-item\"><figure><img loading=\"lazy\" decoding=\"async\" width=\"350\" height=\"263\" src=\"http:\/\/interaktiv.chemieseiten.de\/wp-content\/uploads\/2020\/04\/ammo_3c.jpg\" alt=\"\" data-id=\"274\" data-full-url=\"http:\/\/interaktiv.chemieseiten.de\/wp-content\/uploads\/2020\/04\/ammo_3c.jpg\" data-link=\"http:\/\/interaktiv.chemieseiten.de\/?attachment_id=274\" class=\"wp-image-274\" srcset=\"https:\/\/www.chemieseiten.de\/wp-content\/uploads\/2020\/04\/ammo_3c.jpg 350w, https:\/\/www.chemieseiten.de\/wp-content\/uploads\/2020\/04\/ammo_3c-300x225.jpg 300w\" sizes=\"auto, (max-width: 350px) 100vw, 350px\" \/><\/figure><\/li><\/ul><\/figure>\n<div class=\"pvc_clear\"><\/div><p id=\"pvc_stats_271\" class=\"pvc_stats all  \" data-element-id=\"271\" style=\"\"><i class=\"pvc-stats-icon small\" aria-hidden=\"true\"><svg aria-hidden=\"true\" focusable=\"false\" data-prefix=\"far\" data-icon=\"chart-bar\" role=\"img\" xmlns=\"http:\/\/www.w3.org\/2000\/svg\" viewBox=\"0 0 512 512\" class=\"svg-inline--fa fa-chart-bar fa-w-16 fa-2x\"><path fill=\"currentColor\" d=\"M396.8 352h22.4c6.4 0 12.8-6.4 12.8-12.8V108.8c0-6.4-6.4-12.8-12.8-12.8h-22.4c-6.4 0-12.8 6.4-12.8 12.8v230.4c0 6.4 6.4 12.8 12.8 12.8zm-192 0h22.4c6.4 0 12.8-6.4 12.8-12.8V140.8c0-6.4-6.4-12.8-12.8-12.8h-22.4c-6.4 0-12.8 6.4-12.8 12.8v198.4c0 6.4 6.4 12.8 12.8 12.8zm96 0h22.4c6.4 0 12.8-6.4 12.8-12.8V204.8c0-6.4-6.4-12.8-12.8-12.8h-22.4c-6.4 0-12.8 6.4-12.8 12.8v134.4c0 6.4 6.4 12.8 12.8 12.8zM496 400H48V80c0-8.84-7.16-16-16-16H16C7.16 64 0 71.16 0 80v336c0 17.67 14.33 32 32 32h464c8.84 0 16-7.16 16-16v-16c0-8.84-7.16-16-16-16zm-387.2-48h22.4c6.4 0 12.8-6.4 12.8-12.8v-70.4c0-6.4-6.4-12.8-12.8-12.8h-22.4c-6.4 0-12.8 6.4-12.8 12.8v70.4c0 6.4 6.4 12.8 12.8 12.8z\" class=\"\"><\/path><\/svg><\/i> <img loading=\"lazy\" decoding=\"async\" width=\"16\" height=\"16\" alt=\"Loading\" src=\"https:\/\/www.chemieseiten.de\/wp-content\/plugins\/page-views-count\/ajax-loader-2x.gif\" border=0 \/><\/p><div class=\"pvc_clear\"><\/div> ","protected":false},"excerpt":{"rendered":"<p>Download: Ammoniak (NH3)\u00a0\u00a0\u00a0\u00a0(1.6 MB) (Rechtsklick &#8211; &#8222;Link in neuem TAB \u00f6ffnen&#8220;) Das erste industrielle&nbsp;Hochdruckverfahren&nbsp;zur&nbsp;Erzeugung der Grundchemikalie Ammoniak&nbsp;f\u00fchrte Deutschland zur Unabh\u00e4ngigikeit vom Weltmarkt bzgl. der Herstellung wichtiger chemischer Produkte. Dieses Verfahren ist das&nbsp;&#8222;Haber-Bosch-Verfahren&#8220;, bei dem&nbsp;Ammoniak&nbsp;durch&nbsp;Elementsynthese&nbsp;hergestellt wird. Die&nbsp;<abbr class='c2c-text-hover' title='Ausgangsstoffe sind Stoffe, die vor einer chemischen Reaktion vorliegen.'>Ausgangsstoffe<\/abbr>(Edukte) und auch die&nbsp;Produkte der Synthese&nbsp;werden dargestellt. Ebenso wird auf die M\u00f6glichkeiten und Grenzen der&nbsp;Optimierung&nbsp;solcher&nbsp;druck- und temperaturabh\u00e4ngigen Gasreaktionen&nbsp;im technischen Ma\u00dfstab eingegangen.<\/p>\n<div class=\"pvc_clear\"><\/div>\n<p id=\"pvc_stats_271\" class=\"pvc_stats all  \" data-element-id=\"271\" style=\"\"><i class=\"pvc-stats-icon small\" aria-hidden=\"true\"><svg aria-hidden=\"true\" focusable=\"false\" data-prefix=\"far\" data-icon=\"chart-bar\" role=\"img\" xmlns=\"http:\/\/www.w3.org\/2000\/svg\" viewBox=\"0 0 512 512\" class=\"svg-inline--fa fa-chart-bar fa-w-16 fa-2x\"><path fill=\"currentColor\" d=\"M396.8 352h22.4c6.4 0 12.8-6.4 12.8-12.8V108.8c0-6.4-6.4-12.8-12.8-12.8h-22.4c-6.4 0-12.8 6.4-12.8 12.8v230.4c0 6.4 6.4 12.8 12.8 12.8zm-192 0h22.4c6.4 0 12.8-6.4 12.8-12.8V140.8c0-6.4-6.4-12.8-12.8-12.8h-22.4c-6.4 0-12.8 6.4-12.8 12.8v198.4c0 6.4 6.4 12.8 12.8 12.8zm96 0h22.4c6.4 0 12.8-6.4 12.8-12.8V204.8c0-6.4-6.4-12.8-12.8-12.8h-22.4c-6.4 0-12.8 6.4-12.8 12.8v134.4c0 6.4 6.4 12.8 12.8 12.8zM496 400H48V80c0-8.84-7.16-16-16-16H16C7.16 64 0 71.16 0 80v336c0 17.67 14.33 32 32 32h464c8.84 0 16-7.16 16-16v-16c0-8.84-7.16-16-16-16zm-387.2-48h22.4c6.4 0 12.8-6.4 12.8-12.8v-70.4c0-6.4-6.4-12.8-12.8-12.8h-22.4c-6.4 0-12.8 6.4-12.8 12.8v70.4c0 6.4 6.4 12.8 12.8 12.8z\" class=\"\"><\/path><\/svg><\/i> <img loading=\"lazy\" decoding=\"async\" width=\"16\" height=\"16\" alt=\"Loading\" src=\"https:\/\/www.chemieseiten.de\/wp-content\/plugins\/page-views-count\/ajax-loader-2x.gif\" border=0 \/><\/p>\n<div class=\"pvc_clear\"><\/div>\n","protected":false},"author":1,"featured_media":0,"parent":0,"menu_order":0,"comment_status":"closed","ping_status":"closed","template":"","meta":{"footnotes":""},"class_list":["post-271","page","type-page","status-publish","hentry"],"a3_pvc":{"activated":true,"total_views":3497,"today_views":0},"_links":{"self":[{"href":"https:\/\/www.chemieseiten.de\/index.php?rest_route=\/wp\/v2\/pages\/271","targetHints":{"allow":["GET"]}}],"collection":[{"href":"https:\/\/www.chemieseiten.de\/index.php?rest_route=\/wp\/v2\/pages"}],"about":[{"href":"https:\/\/www.chemieseiten.de\/index.php?rest_route=\/wp\/v2\/types\/page"}],"author":[{"embeddable":true,"href":"https:\/\/www.chemieseiten.de\/index.php?rest_route=\/wp\/v2\/users\/1"}],"replies":[{"embeddable":true,"href":"https:\/\/www.chemieseiten.de\/index.php?rest_route=%2Fwp%2Fv2%2Fcomments&post=271"}],"version-history":[{"count":0,"href":"https:\/\/www.chemieseiten.de\/index.php?rest_route=\/wp\/v2\/pages\/271\/revisions"}],"wp:attachment":[{"href":"https:\/\/www.chemieseiten.de\/index.php?rest_route=%2Fwp%2Fv2%2Fmedia&parent=271"}],"curies":[{"name":"wp","href":"https:\/\/api.w.org\/{rel}","templated":true}]}}