{"id":254,"date":"2020-04-13T06:30:50","date_gmt":"2020-04-13T06:30:50","guid":{"rendered":"http:\/\/interaktiv.chemieseiten.de\/?page_id=254"},"modified":"2023-11-09T12:52:51","modified_gmt":"2023-11-09T11:52:51","slug":"lernsoftware-brenner","status":"publish","type":"page","link":"https:\/\/www.chemieseiten.de\/?page_id=254","title":{"rendered":"Lernsoftware Brenner"},"content":{"rendered":"\n<figure class=\"wp-block-image size-full is-resized\"><a href=\"https:\/\/www.chemieseiten.de\/download\/brenner.exe\"><img loading=\"lazy\" decoding=\"async\" src=\"https:\/\/www.chemieseiten.de\/wp-content\/uploads\/2023\/11\/download-1459071_640-1.png\" alt=\"\" class=\"wp-image-4051\" width=\"142\" height=\"142\" srcset=\"https:\/\/www.chemieseiten.de\/wp-content\/uploads\/2023\/11\/download-1459071_640-1.png 640w, https:\/\/www.chemieseiten.de\/wp-content\/uploads\/2023\/11\/download-1459071_640-1-300x300.png 300w, https:\/\/www.chemieseiten.de\/wp-content\/uploads\/2023\/11\/download-1459071_640-1-150x150.png 150w, https:\/\/www.chemieseiten.de\/wp-content\/uploads\/2023\/11\/download-1459071_640-1-80x80.png 80w, https:\/\/www.chemieseiten.de\/wp-content\/uploads\/2023\/11\/download-1459071_640-1-250x250.png 250w\" sizes=\"auto, (max-width: 142px) 100vw, 142px\" \/><\/a><\/figure>\n\n\n\n<p class=\"has-white-color has-primary-background-color has-text-color has-background has-medium-font-size\">Download: <strong>Der Brenner\u00a0\u00a0\u00a0\u00a0(3 MB)<\/strong>(Rechtsklick &#8211; &#8222;Link in neuem TAB \u00f6ffnen&#8220;)<\/p>\n\n\n\n<p>Die Arbeit mit dem Brenner erfordert die stete&nbsp;<strong>\u00dcbung n\u00f6tiger Abl\u00e4ufe<\/strong>&nbsp;zum Umgang mit diesem wichtigen und gef\u00e4hrlichen Laborger\u00e4t. Hier sollen die Begriffe zum Brenner ge\u00fcbt werden und vielleicht wird der Umgang dadurch auch ein wenig angstfreier, wenn man versteht wo sich das Gas bewegt, kann man es besser einsch\u00e4tzen. <\/p>\n\n\n\n<p>(Ich habe immer eine Packung gaaaaaanz lange Streichh\u00f6lzer vorr\u00e4tig ) \ud83d\ude42 <\/p>\n\n\n\n<p>Ein Brennerkurs mit &#8222;<strong>Brennerpr\u00fcfung<\/strong>&#8220; zum Brennerlehrling erfolgt hier in einem&nbsp;<strong>30 Fragen Quiz<\/strong>. Eine \u00dcbung zur -rechtschreiblich richtigen- Eingabe von&nbsp;<strong>15 Namen von Laborger\u00e4ten<\/strong>&nbsp;ist hier eher ein Nebeneffekt. <\/p>\n\n\n\n<figure class=\"wp-block-gallery has-nested-images columns-default is-cropped wp-block-gallery-2 is-layout-flex wp-block-gallery-is-layout-flex\">\n<figure class=\"wp-block-image size-large\"><img loading=\"lazy\" decoding=\"async\" width=\"380\" height=\"293\" data-id=\"255\" src=\"https:\/\/www.chemieseiten.de\/wp-content\/uploads\/2020\/04\/brenner_1.jpg\" alt=\"\" class=\"wp-image-255\" srcset=\"https:\/\/www.chemieseiten.de\/wp-content\/uploads\/2020\/04\/brenner_1.jpg 380w, https:\/\/www.chemieseiten.de\/wp-content\/uploads\/2020\/04\/brenner_1-300x231.jpg 300w\" sizes=\"auto, (max-width: 380px) 100vw, 380px\" \/><\/figure>\n\n\n\n<figure class=\"wp-block-image size-large\"><img loading=\"lazy\" decoding=\"async\" width=\"380\" height=\"293\" data-id=\"256\" src=\"https:\/\/www.chemieseiten.de\/wp-content\/uploads\/2020\/04\/brenner_2.jpg\" alt=\"\" class=\"wp-image-256\" srcset=\"https:\/\/www.chemieseiten.de\/wp-content\/uploads\/2020\/04\/brenner_2.jpg 380w, https:\/\/www.chemieseiten.de\/wp-content\/uploads\/2020\/04\/brenner_2-300x231.jpg 300w\" sizes=\"auto, (max-width: 380px) 100vw, 380px\" \/><\/figure>\n\n\n\n<figure class=\"wp-block-image size-large\"><img loading=\"lazy\" decoding=\"async\" width=\"380\" height=\"293\" data-id=\"257\" src=\"https:\/\/www.chemieseiten.de\/wp-content\/uploads\/2020\/04\/brenner_4.jpg\" alt=\"\" class=\"wp-image-257\" srcset=\"https:\/\/www.chemieseiten.de\/wp-content\/uploads\/2020\/04\/brenner_4.jpg 380w, https:\/\/www.chemieseiten.de\/wp-content\/uploads\/2020\/04\/brenner_4-300x231.jpg 300w\" sizes=\"auto, (max-width: 380px) 100vw, 380px\" \/><\/figure>\n\n\n\n<figure class=\"wp-block-image size-large\"><img loading=\"lazy\" decoding=\"async\" width=\"350\" height=\"262\" data-id=\"258\" src=\"https:\/\/www.chemieseiten.de\/wp-content\/uploads\/2020\/04\/brenner_6a.jpg\" alt=\"\" class=\"wp-image-258\" srcset=\"https:\/\/www.chemieseiten.de\/wp-content\/uploads\/2020\/04\/brenner_6a.jpg 350w, https:\/\/www.chemieseiten.de\/wp-content\/uploads\/2020\/04\/brenner_6a-300x225.jpg 300w\" sizes=\"auto, (max-width: 350px) 100vw, 350px\" \/><\/figure>\n\n\n\n<figure class=\"wp-block-image size-large\"><img loading=\"lazy\" decoding=\"async\" width=\"350\" height=\"263\" data-id=\"259\" src=\"https:\/\/www.chemieseiten.de\/wp-content\/uploads\/2020\/04\/brenner_6c.jpg\" alt=\"\" class=\"wp-image-259\" srcset=\"https:\/\/www.chemieseiten.de\/wp-content\/uploads\/2020\/04\/brenner_6c.jpg 350w, https:\/\/www.chemieseiten.de\/wp-content\/uploads\/2020\/04\/brenner_6c-300x225.jpg 300w\" sizes=\"auto, (max-width: 350px) 100vw, 350px\" \/><\/figure>\n\n\n\n<figure class=\"wp-block-image size-large\"><img loading=\"lazy\" decoding=\"async\" width=\"349\" height=\"261\" data-id=\"260\" src=\"https:\/\/www.chemieseiten.de\/wp-content\/uploads\/2020\/04\/brenner_6h.jpg\" alt=\"\" class=\"wp-image-260\" srcset=\"https:\/\/www.chemieseiten.de\/wp-content\/uploads\/2020\/04\/brenner_6h.jpg 349w, https:\/\/www.chemieseiten.de\/wp-content\/uploads\/2020\/04\/brenner_6h-300x224.jpg 300w\" sizes=\"auto, (max-width: 349px) 100vw, 349px\" \/><\/figure>\n<\/figure>\n<div class=\"pvc_clear\"><\/div><p id=\"pvc_stats_254\" class=\"pvc_stats all  \" data-element-id=\"254\" style=\"\"><i class=\"pvc-stats-icon small\" aria-hidden=\"true\"><svg aria-hidden=\"true\" focusable=\"false\" data-prefix=\"far\" data-icon=\"chart-bar\" role=\"img\" xmlns=\"http:\/\/www.w3.org\/2000\/svg\" viewBox=\"0 0 512 512\" class=\"svg-inline--fa fa-chart-bar fa-w-16 fa-2x\"><path fill=\"currentColor\" d=\"M396.8 352h22.4c6.4 0 12.8-6.4 12.8-12.8V108.8c0-6.4-6.4-12.8-12.8-12.8h-22.4c-6.4 0-12.8 6.4-12.8 12.8v230.4c0 6.4 6.4 12.8 12.8 12.8zm-192 0h22.4c6.4 0 12.8-6.4 12.8-12.8V140.8c0-6.4-6.4-12.8-12.8-12.8h-22.4c-6.4 0-12.8 6.4-12.8 12.8v198.4c0 6.4 6.4 12.8 12.8 12.8zm96 0h22.4c6.4 0 12.8-6.4 12.8-12.8V204.8c0-6.4-6.4-12.8-12.8-12.8h-22.4c-6.4 0-12.8 6.4-12.8 12.8v134.4c0 6.4 6.4 12.8 12.8 12.8zM496 400H48V80c0-8.84-7.16-16-16-16H16C7.16 64 0 71.16 0 80v336c0 17.67 14.33 32 32 32h464c8.84 0 16-7.16 16-16v-16c0-8.84-7.16-16-16-16zm-387.2-48h22.4c6.4 0 12.8-6.4 12.8-12.8v-70.4c0-6.4-6.4-12.8-12.8-12.8h-22.4c-6.4 0-12.8 6.4-12.8 12.8v70.4c0 6.4 6.4 12.8 12.8 12.8z\" class=\"\"><\/path><\/svg><\/i> <img loading=\"lazy\" decoding=\"async\" width=\"16\" height=\"16\" alt=\"Loading\" src=\"https:\/\/www.chemieseiten.de\/wp-content\/plugins\/page-views-count\/ajax-loader-2x.gif\" border=0 \/><\/p><div class=\"pvc_clear\"><\/div> ","protected":false},"excerpt":{"rendered":"<p>Download: Der Brenner\u00a0\u00a0\u00a0\u00a0(3 MB)(Rechtsklick &#8211; &#8222;Link in neuem TAB \u00f6ffnen&#8220;) Die Arbeit mit dem Brenner erfordert die stete&nbsp;\u00dcbung n\u00f6tiger Abl\u00e4ufe&nbsp;zum Umgang mit diesem wichtigen und gef\u00e4hrlichen Laborger\u00e4t. Hier sollen die Begriffe zum Brenner ge\u00fcbt werden und vielleicht wird der Umgang dadurch auch ein wenig angstfreier, wenn man versteht wo sich das Gas bewegt, kann man es besser einsch\u00e4tzen. (Ich habe<\/p>\n<div class=\"pvc_clear\"><\/div>\n<p id=\"pvc_stats_254\" class=\"pvc_stats all  \" data-element-id=\"254\" style=\"\"><i class=\"pvc-stats-icon small\" aria-hidden=\"true\"><svg aria-hidden=\"true\" focusable=\"false\" data-prefix=\"far\" data-icon=\"chart-bar\" role=\"img\" xmlns=\"http:\/\/www.w3.org\/2000\/svg\" viewBox=\"0 0 512 512\" class=\"svg-inline--fa fa-chart-bar fa-w-16 fa-2x\"><path fill=\"currentColor\" d=\"M396.8 352h22.4c6.4 0 12.8-6.4 12.8-12.8V108.8c0-6.4-6.4-12.8-12.8-12.8h-22.4c-6.4 0-12.8 6.4-12.8 12.8v230.4c0 6.4 6.4 12.8 12.8 12.8zm-192 0h22.4c6.4 0 12.8-6.4 12.8-12.8V140.8c0-6.4-6.4-12.8-12.8-12.8h-22.4c-6.4 0-12.8 6.4-12.8 12.8v198.4c0 6.4 6.4 12.8 12.8 12.8zm96 0h22.4c6.4 0 12.8-6.4 12.8-12.8V204.8c0-6.4-6.4-12.8-12.8-12.8h-22.4c-6.4 0-12.8 6.4-12.8 12.8v134.4c0 6.4 6.4 12.8 12.8 12.8zM496 400H48V80c0-8.84-7.16-16-16-16H16C7.16 64 0 71.16 0 80v336c0 17.67 14.33 32 32 32h464c8.84 0 16-7.16 16-16v-16c0-8.84-7.16-16-16-16zm-387.2-48h22.4c6.4 0 12.8-6.4 12.8-12.8v-70.4c0-6.4-6.4-12.8-12.8-12.8h-22.4c-6.4 0-12.8 6.4-12.8 12.8v70.4c0 6.4 6.4 12.8 12.8 12.8z\" class=\"\"><\/path><\/svg><\/i> <img loading=\"lazy\" decoding=\"async\" width=\"16\" height=\"16\" alt=\"Loading\" src=\"https:\/\/www.chemieseiten.de\/wp-content\/plugins\/page-views-count\/ajax-loader-2x.gif\" border=0 \/><\/p>\n<div class=\"pvc_clear\"><\/div>\n","protected":false},"author":1,"featured_media":0,"parent":0,"menu_order":0,"comment_status":"closed","ping_status":"closed","template":"","meta":{"footnotes":""},"class_list":["post-254","page","type-page","status-publish","hentry"],"a3_pvc":{"activated":true,"total_views":3243,"today_views":0},"_links":{"self":[{"href":"https:\/\/www.chemieseiten.de\/index.php?rest_route=\/wp\/v2\/pages\/254","targetHints":{"allow":["GET"]}}],"collection":[{"href":"https:\/\/www.chemieseiten.de\/index.php?rest_route=\/wp\/v2\/pages"}],"about":[{"href":"https:\/\/www.chemieseiten.de\/index.php?rest_route=\/wp\/v2\/types\/page"}],"author":[{"embeddable":true,"href":"https:\/\/www.chemieseiten.de\/index.php?rest_route=\/wp\/v2\/users\/1"}],"replies":[{"embeddable":true,"href":"https:\/\/www.chemieseiten.de\/index.php?rest_route=%2Fwp%2Fv2%2Fcomments&post=254"}],"version-history":[{"count":0,"href":"https:\/\/www.chemieseiten.de\/index.php?rest_route=\/wp\/v2\/pages\/254\/revisions"}],"wp:attachment":[{"href":"https:\/\/www.chemieseiten.de\/index.php?rest_route=%2Fwp%2Fv2%2Fmedia&parent=254"}],"curies":[{"name":"wp","href":"https:\/\/api.w.org\/{rel}","templated":true}]}}