{"id":237,"date":"2020-04-13T06:24:50","date_gmt":"2020-04-13T06:24:50","guid":{"rendered":"http:\/\/interaktiv.chemieseiten.de\/?page_id=237"},"modified":"2020-11-29T12:05:37","modified_gmt":"2020-11-29T12:05:37","slug":"lernsoftware-salze","status":"publish","type":"page","link":"https:\/\/www.chemieseiten.de\/?page_id=237","title":{"rendered":"Lernsoftware Salze"},"content":{"rendered":"\n<p class=\"has-white-color has-primary-background-color has-text-color has-background has-medium-font-size\"><strong><a rel=\"noreferrer noopener\" href=\"https:\/\/www.chemieseiten.de\/download\/salze.exe\" target=\"_blank\">Download: S A L Z E\u00a0<\/a><\/strong>\u00a0\u00a0\u00a0(11 MB)(Rechtsklick &#8211; &#8222;Link in neuem TAB \u00f6ffnen&#8220;)<\/p>\n\n\n\n<p>Das wei\u00dfe Gold ist nur einen von Hunderten Salzen, die von den S\u00e4uren in der Natur gebildet werden. Natriumchlorid steht bei uns f\u00fcr die gro\u00dfe Gruppe von  Die 4 Salzbildungsarten, Formelkunde, Wortgleichungen zu allen Bildungsarten, die \u00dcbung der Zuordnungen &#8222;Salzname \u2192 <abbr class='c2c-text-hover' title='(..chemisch) beschreibt die Zusammensetzung einer chemischen Verbindung aus den Elementen und deren Zahlenverh\u00e4ltnisse.'>Formel<\/abbr>&#8222;, die <abbr class='c2c-text-hover' title='Reaktionsart, bei der S\u00e4uren mit Basen reagieren(exotherm), es entsteht immer ein Salz der S\u00e4ure  und Wasser'>Neutralisation<\/abbr> und ihre Anwendungen und ein TESTAT mit 30 Fragen zum Gelernten sind die Bestandteile dieser Software&#8230;<\/p>\n\n\n\n<figure class=\"wp-block-gallery columns-3 is-cropped wp-block-gallery-2 is-layout-flex wp-block-gallery-is-layout-flex\"><ul class=\"blocks-gallery-grid\"><li class=\"blocks-gallery-item\"><figure><img loading=\"lazy\" decoding=\"async\" width=\"350\" height=\"263\" src=\"http:\/\/interaktiv.chemieseiten.de\/wp-content\/uploads\/2020\/04\/salze_1.jpg\" alt=\"\" data-id=\"238\" data-full-url=\"http:\/\/interaktiv.chemieseiten.de\/wp-content\/uploads\/2020\/04\/salze_1.jpg\" data-link=\"http:\/\/interaktiv.chemieseiten.de\/?attachment_id=238\" class=\"wp-image-238\" srcset=\"https:\/\/www.chemieseiten.de\/wp-content\/uploads\/2020\/04\/salze_1.jpg 350w, https:\/\/www.chemieseiten.de\/wp-content\/uploads\/2020\/04\/salze_1-300x225.jpg 300w\" sizes=\"auto, (max-width: 350px) 100vw, 350px\" \/><\/figure><\/li><li class=\"blocks-gallery-item\"><figure><img loading=\"lazy\" decoding=\"async\" width=\"350\" height=\"263\" src=\"http:\/\/interaktiv.chemieseiten.de\/wp-content\/uploads\/2020\/04\/salze_2.jpg\" alt=\"\" data-id=\"239\" data-full-url=\"http:\/\/interaktiv.chemieseiten.de\/wp-content\/uploads\/2020\/04\/salze_2.jpg\" data-link=\"http:\/\/interaktiv.chemieseiten.de\/?attachment_id=239\" class=\"wp-image-239\" srcset=\"https:\/\/www.chemieseiten.de\/wp-content\/uploads\/2020\/04\/salze_2.jpg 350w, https:\/\/www.chemieseiten.de\/wp-content\/uploads\/2020\/04\/salze_2-300x225.jpg 300w\" sizes=\"auto, (max-width: 350px) 100vw, 350px\" \/><\/figure><\/li><li class=\"blocks-gallery-item\"><figure><img loading=\"lazy\" decoding=\"async\" width=\"350\" height=\"263\" src=\"http:\/\/interaktiv.chemieseiten.de\/wp-content\/uploads\/2020\/04\/salze_4.jpg\" alt=\"\" data-id=\"240\" data-full-url=\"http:\/\/interaktiv.chemieseiten.de\/wp-content\/uploads\/2020\/04\/salze_4.jpg\" data-link=\"http:\/\/interaktiv.chemieseiten.de\/?attachment_id=240\" class=\"wp-image-240\" srcset=\"https:\/\/www.chemieseiten.de\/wp-content\/uploads\/2020\/04\/salze_4.jpg 350w, https:\/\/www.chemieseiten.de\/wp-content\/uploads\/2020\/04\/salze_4-300x225.jpg 300w\" sizes=\"auto, (max-width: 350px) 100vw, 350px\" \/><\/figure><\/li><li class=\"blocks-gallery-item\"><figure><img loading=\"lazy\" decoding=\"async\" width=\"350\" height=\"263\" src=\"http:\/\/interaktiv.chemieseiten.de\/wp-content\/uploads\/2020\/04\/salze_5.jpg\" alt=\"\" data-id=\"241\" data-full-url=\"http:\/\/interaktiv.chemieseiten.de\/wp-content\/uploads\/2020\/04\/salze_5.jpg\" data-link=\"http:\/\/interaktiv.chemieseiten.de\/?attachment_id=241\" class=\"wp-image-241\" srcset=\"https:\/\/www.chemieseiten.de\/wp-content\/uploads\/2020\/04\/salze_5.jpg 350w, https:\/\/www.chemieseiten.de\/wp-content\/uploads\/2020\/04\/salze_5-300x225.jpg 300w\" sizes=\"auto, (max-width: 350px) 100vw, 350px\" \/><\/figure><\/li><li class=\"blocks-gallery-item\"><figure><img loading=\"lazy\" decoding=\"async\" width=\"320\" height=\"240\" src=\"http:\/\/interaktiv.chemieseiten.de\/wp-content\/uploads\/2020\/04\/salze_9.jpg\" alt=\"\" data-id=\"242\" data-full-url=\"http:\/\/interaktiv.chemieseiten.de\/wp-content\/uploads\/2020\/04\/salze_9.jpg\" data-link=\"http:\/\/interaktiv.chemieseiten.de\/?attachment_id=242\" class=\"wp-image-242\" srcset=\"https:\/\/www.chemieseiten.de\/wp-content\/uploads\/2020\/04\/salze_9.jpg 320w, https:\/\/www.chemieseiten.de\/wp-content\/uploads\/2020\/04\/salze_9-300x225.jpg 300w\" sizes=\"auto, (max-width: 320px) 100vw, 320px\" \/><\/figure><\/li><li class=\"blocks-gallery-item\"><figure><img loading=\"lazy\" decoding=\"async\" width=\"320\" height=\"240\" src=\"http:\/\/interaktiv.chemieseiten.de\/wp-content\/uploads\/2020\/04\/salze_9b.jpg\" alt=\"\" data-id=\"243\" data-full-url=\"http:\/\/interaktiv.chemieseiten.de\/wp-content\/uploads\/2020\/04\/salze_9b.jpg\" data-link=\"http:\/\/interaktiv.chemieseiten.de\/?attachment_id=243\" class=\"wp-image-243\" srcset=\"https:\/\/www.chemieseiten.de\/wp-content\/uploads\/2020\/04\/salze_9b.jpg 320w, https:\/\/www.chemieseiten.de\/wp-content\/uploads\/2020\/04\/salze_9b-300x225.jpg 300w\" sizes=\"auto, (max-width: 320px) 100vw, 320px\" \/><\/figure><\/li><li class=\"blocks-gallery-item\"><figure><img loading=\"lazy\" decoding=\"async\" width=\"320\" height=\"240\" src=\"http:\/\/interaktiv.chemieseiten.de\/wp-content\/uploads\/2020\/04\/salze_9c.jpg\" alt=\"\" data-id=\"244\" data-full-url=\"http:\/\/interaktiv.chemieseiten.de\/wp-content\/uploads\/2020\/04\/salze_9c.jpg\" data-link=\"http:\/\/interaktiv.chemieseiten.de\/?attachment_id=244\" class=\"wp-image-244\" srcset=\"https:\/\/www.chemieseiten.de\/wp-content\/uploads\/2020\/04\/salze_9c.jpg 320w, https:\/\/www.chemieseiten.de\/wp-content\/uploads\/2020\/04\/salze_9c-300x225.jpg 300w\" sizes=\"auto, (max-width: 320px) 100vw, 320px\" \/><\/figure><\/li><li class=\"blocks-gallery-item\"><figure><img loading=\"lazy\" decoding=\"async\" width=\"320\" height=\"240\" src=\"http:\/\/interaktiv.chemieseiten.de\/wp-content\/uploads\/2020\/04\/salze_9d.jpg\" alt=\"\" data-id=\"245\" data-full-url=\"http:\/\/interaktiv.chemieseiten.de\/wp-content\/uploads\/2020\/04\/salze_9d.jpg\" data-link=\"http:\/\/interaktiv.chemieseiten.de\/?attachment_id=245\" class=\"wp-image-245\" srcset=\"https:\/\/www.chemieseiten.de\/wp-content\/uploads\/2020\/04\/salze_9d.jpg 320w, https:\/\/www.chemieseiten.de\/wp-content\/uploads\/2020\/04\/salze_9d-300x225.jpg 300w\" sizes=\"auto, (max-width: 320px) 100vw, 320px\" \/><\/figure><\/li><li class=\"blocks-gallery-item\"><figure><img loading=\"lazy\" decoding=\"async\" width=\"320\" height=\"240\" src=\"http:\/\/interaktiv.chemieseiten.de\/wp-content\/uploads\/2020\/04\/salze_9h.jpg\" alt=\"\" data-id=\"247\" data-full-url=\"http:\/\/interaktiv.chemieseiten.de\/wp-content\/uploads\/2020\/04\/salze_9h.jpg\" data-link=\"http:\/\/interaktiv.chemieseiten.de\/?attachment_id=247\" class=\"wp-image-247\" srcset=\"https:\/\/www.chemieseiten.de\/wp-content\/uploads\/2020\/04\/salze_9h.jpg 320w, https:\/\/www.chemieseiten.de\/wp-content\/uploads\/2020\/04\/salze_9h-300x225.jpg 300w\" sizes=\"auto, (max-width: 320px) 100vw, 320px\" \/><\/figure><\/li><li class=\"blocks-gallery-item\"><figure><img loading=\"lazy\" decoding=\"async\" width=\"320\" height=\"240\" src=\"http:\/\/interaktiv.chemieseiten.de\/wp-content\/uploads\/2020\/04\/salze_9i.jpg\" alt=\"\" data-id=\"248\" data-full-url=\"http:\/\/interaktiv.chemieseiten.de\/wp-content\/uploads\/2020\/04\/salze_9i.jpg\" data-link=\"http:\/\/interaktiv.chemieseiten.de\/?attachment_id=248\" class=\"wp-image-248\" srcset=\"https:\/\/www.chemieseiten.de\/wp-content\/uploads\/2020\/04\/salze_9i.jpg 320w, https:\/\/www.chemieseiten.de\/wp-content\/uploads\/2020\/04\/salze_9i-300x225.jpg 300w\" sizes=\"auto, (max-width: 320px) 100vw, 320px\" \/><\/figure><\/li><li class=\"blocks-gallery-item\"><figure><img loading=\"lazy\" decoding=\"async\" width=\"320\" height=\"240\" src=\"http:\/\/interaktiv.chemieseiten.de\/wp-content\/uploads\/2020\/04\/salze_9j.jpg\" alt=\"\" data-id=\"249\" data-full-url=\"http:\/\/interaktiv.chemieseiten.de\/wp-content\/uploads\/2020\/04\/salze_9j.jpg\" data-link=\"http:\/\/interaktiv.chemieseiten.de\/?attachment_id=249\" class=\"wp-image-249\" srcset=\"https:\/\/www.chemieseiten.de\/wp-content\/uploads\/2020\/04\/salze_9j.jpg 320w, https:\/\/www.chemieseiten.de\/wp-content\/uploads\/2020\/04\/salze_9j-300x225.jpg 300w\" sizes=\"auto, (max-width: 320px) 100vw, 320px\" \/><\/figure><\/li><li class=\"blocks-gallery-item\"><figure><img loading=\"lazy\" decoding=\"async\" width=\"320\" height=\"240\" src=\"http:\/\/interaktiv.chemieseiten.de\/wp-content\/uploads\/2020\/04\/salze_9m.jpg\" alt=\"\" data-id=\"250\" data-full-url=\"http:\/\/interaktiv.chemieseiten.de\/wp-content\/uploads\/2020\/04\/salze_9m.jpg\" data-link=\"http:\/\/interaktiv.chemieseiten.de\/?attachment_id=250\" class=\"wp-image-250\" srcset=\"https:\/\/www.chemieseiten.de\/wp-content\/uploads\/2020\/04\/salze_9m.jpg 320w, https:\/\/www.chemieseiten.de\/wp-content\/uploads\/2020\/04\/salze_9m-300x225.jpg 300w\" sizes=\"auto, (max-width: 320px) 100vw, 320px\" \/><\/figure><\/li><\/ul><\/figure>\n<div class=\"pvc_clear\"><\/div><p id=\"pvc_stats_237\" class=\"pvc_stats all  \" data-element-id=\"237\" style=\"\"><i class=\"pvc-stats-icon small\" aria-hidden=\"true\"><svg aria-hidden=\"true\" focusable=\"false\" data-prefix=\"far\" data-icon=\"chart-bar\" role=\"img\" xmlns=\"http:\/\/www.w3.org\/2000\/svg\" viewBox=\"0 0 512 512\" class=\"svg-inline--fa fa-chart-bar fa-w-16 fa-2x\"><path fill=\"currentColor\" d=\"M396.8 352h22.4c6.4 0 12.8-6.4 12.8-12.8V108.8c0-6.4-6.4-12.8-12.8-12.8h-22.4c-6.4 0-12.8 6.4-12.8 12.8v230.4c0 6.4 6.4 12.8 12.8 12.8zm-192 0h22.4c6.4 0 12.8-6.4 12.8-12.8V140.8c0-6.4-6.4-12.8-12.8-12.8h-22.4c-6.4 0-12.8 6.4-12.8 12.8v198.4c0 6.4 6.4 12.8 12.8 12.8zm96 0h22.4c6.4 0 12.8-6.4 12.8-12.8V204.8c0-6.4-6.4-12.8-12.8-12.8h-22.4c-6.4 0-12.8 6.4-12.8 12.8v134.4c0 6.4 6.4 12.8 12.8 12.8zM496 400H48V80c0-8.84-7.16-16-16-16H16C7.16 64 0 71.16 0 80v336c0 17.67 14.33 32 32 32h464c8.84 0 16-7.16 16-16v-16c0-8.84-7.16-16-16-16zm-387.2-48h22.4c6.4 0 12.8-6.4 12.8-12.8v-70.4c0-6.4-6.4-12.8-12.8-12.8h-22.4c-6.4 0-12.8 6.4-12.8 12.8v70.4c0 6.4 6.4 12.8 12.8 12.8z\" class=\"\"><\/path><\/svg><\/i> <img loading=\"lazy\" decoding=\"async\" width=\"16\" height=\"16\" alt=\"Loading\" src=\"https:\/\/www.chemieseiten.de\/wp-content\/plugins\/page-views-count\/ajax-loader-2x.gif\" border=0 \/><\/p><div class=\"pvc_clear\"><\/div> ","protected":false},"excerpt":{"rendered":"<p>Download: S A L Z E\u00a0\u00a0\u00a0\u00a0(11 MB)(Rechtsklick &#8211; &#8222;Link in neuem TAB \u00f6ffnen&#8220;) Das wei\u00dfe Gold ist nur einen von Hunderten Salzen, die von den S\u00e4uren in der Natur gebildet werden. Natriumchlorid steht bei uns f\u00fcr die gro\u00dfe Gruppe von Die 4 Salzbildungsarten, Formelkunde, Wortgleichungen zu allen Bildungsarten, die \u00dcbung der Zuordnungen &#8222;Salzname \u2192 <abbr class='c2c-text-hover' title='(..chemisch) beschreibt die Zusammensetzung einer chemischen Verbindung aus den Elementen und deren Zahlenverh\u00e4ltnisse.'>Formel<\/abbr>&#8222;, die <abbr class='c2c-text-hover' title='Reaktionsart, bei der S\u00e4uren mit Basen reagieren(exotherm), es entsteht immer ein Salz der S\u00e4ure  und Wasser'>Neutralisation<\/abbr> und ihre Anwendungen<\/p>\n<div class=\"pvc_clear\"><\/div>\n<p id=\"pvc_stats_237\" class=\"pvc_stats all  \" data-element-id=\"237\" style=\"\"><i class=\"pvc-stats-icon small\" aria-hidden=\"true\"><svg aria-hidden=\"true\" focusable=\"false\" data-prefix=\"far\" data-icon=\"chart-bar\" role=\"img\" xmlns=\"http:\/\/www.w3.org\/2000\/svg\" viewBox=\"0 0 512 512\" class=\"svg-inline--fa fa-chart-bar fa-w-16 fa-2x\"><path fill=\"currentColor\" d=\"M396.8 352h22.4c6.4 0 12.8-6.4 12.8-12.8V108.8c0-6.4-6.4-12.8-12.8-12.8h-22.4c-6.4 0-12.8 6.4-12.8 12.8v230.4c0 6.4 6.4 12.8 12.8 12.8zm-192 0h22.4c6.4 0 12.8-6.4 12.8-12.8V140.8c0-6.4-6.4-12.8-12.8-12.8h-22.4c-6.4 0-12.8 6.4-12.8 12.8v198.4c0 6.4 6.4 12.8 12.8 12.8zm96 0h22.4c6.4 0 12.8-6.4 12.8-12.8V204.8c0-6.4-6.4-12.8-12.8-12.8h-22.4c-6.4 0-12.8 6.4-12.8 12.8v134.4c0 6.4 6.4 12.8 12.8 12.8zM496 400H48V80c0-8.84-7.16-16-16-16H16C7.16 64 0 71.16 0 80v336c0 17.67 14.33 32 32 32h464c8.84 0 16-7.16 16-16v-16c0-8.84-7.16-16-16-16zm-387.2-48h22.4c6.4 0 12.8-6.4 12.8-12.8v-70.4c0-6.4-6.4-12.8-12.8-12.8h-22.4c-6.4 0-12.8 6.4-12.8 12.8v70.4c0 6.4 6.4 12.8 12.8 12.8z\" class=\"\"><\/path><\/svg><\/i> <img loading=\"lazy\" decoding=\"async\" width=\"16\" height=\"16\" alt=\"Loading\" src=\"https:\/\/www.chemieseiten.de\/wp-content\/plugins\/page-views-count\/ajax-loader-2x.gif\" border=0 \/><\/p>\n<div class=\"pvc_clear\"><\/div>\n","protected":false},"author":1,"featured_media":0,"parent":0,"menu_order":0,"comment_status":"closed","ping_status":"closed","template":"","meta":{"footnotes":""},"class_list":["post-237","page","type-page","status-publish","hentry"],"a3_pvc":{"activated":true,"total_views":3542,"today_views":0},"_links":{"self":[{"href":"https:\/\/www.chemieseiten.de\/index.php?rest_route=\/wp\/v2\/pages\/237","targetHints":{"allow":["GET"]}}],"collection":[{"href":"https:\/\/www.chemieseiten.de\/index.php?rest_route=\/wp\/v2\/pages"}],"about":[{"href":"https:\/\/www.chemieseiten.de\/index.php?rest_route=\/wp\/v2\/types\/page"}],"author":[{"embeddable":true,"href":"https:\/\/www.chemieseiten.de\/index.php?rest_route=\/wp\/v2\/users\/1"}],"replies":[{"embeddable":true,"href":"https:\/\/www.chemieseiten.de\/index.php?rest_route=%2Fwp%2Fv2%2Fcomments&post=237"}],"version-history":[{"count":0,"href":"https:\/\/www.chemieseiten.de\/index.php?rest_route=\/wp\/v2\/pages\/237\/revisions"}],"wp:attachment":[{"href":"https:\/\/www.chemieseiten.de\/index.php?rest_route=%2Fwp%2Fv2%2Fmedia&parent=237"}],"curies":[{"name":"wp","href":"https:\/\/api.w.org\/{rel}","templated":true}]}}