{"id":217,"date":"2020-04-13T06:05:28","date_gmt":"2020-04-13T06:05:28","guid":{"rendered":"http:\/\/interaktiv.chemieseiten.de\/?page_id=217"},"modified":"2020-11-29T12:05:29","modified_gmt":"2020-11-29T12:05:29","slug":"lernsoftware-redoxreaktionen","status":"publish","type":"page","link":"https:\/\/www.chemieseiten.de\/?page_id=217","title":{"rendered":"Lernsoftware Redoxreaktionen"},"content":{"rendered":"\n<p class=\"has-white-color has-primary-background-color has-text-color has-background has-medium-font-size\"><strong><a href=\"https:\/\/www.chemieseiten.de\/download\/redox.exe\">R E D O X<\/a>\u00a0<\/strong>\u00a0\u00a0\u00a0(12 MB)(Rechtsklick &#8211; &#8222;Link in neuem TAB \u00f6ffnen&#8220;)<\/p>\n\n\n\n<p>Elemente und ihre Oxide werden gezeigt und die Prozesse&nbsp;<strong><abbr class='c2c-text-hover' title='chemische Reaktionsart, bei der ein Stoff mit Sauerstoff reagiert'>Oxidation<\/abbr>, <abbr class='c2c-text-hover' title='Eine Reduktion ist eine chemische Reaktion, bei der einem Oxid Sauerstoff entzogen wird. Ein Oxid wird aufgespalten.'>Reduktion<\/abbr> und <abbr class='c2c-text-hover' title='chemische Reaktionsart, bei der Oxidation und Reduktion gleichzeitig ablaufen.'>Redoxreaktion<\/abbr><\/strong>&nbsp;werden ausf\u00fchrlich besprochen. Dabei werden die Reaktionen auch als Reaktionen mit&nbsp;<strong>Elektronen\u00fcbergang<\/strong>&nbsp;betrachtet und <abbr class='c2c-text-hover' title='chemische Reaktionsart, bei der ein Stoff mit Sauerstoff reagiert'>Oxidation<\/abbr> als auch <abbr class='c2c-text-hover' title='Eine Reduktion ist eine chemische Reaktion, bei der einem Oxid Sauerstoff entzogen wird. Ein Oxid wird aufgespalten.'>Reduktion<\/abbr> unter diesem Aspekt betrachtet.&nbsp;<strong>Technische Anwendungen<\/strong>&nbsp;dieser Prozesse werden erl\u00e4utert und Ger\u00e4te und chemische Reaktionen erkl\u00e4rt.&nbsp;<strong>Hochofen<\/strong>,&nbsp;<strong>Stahlkonverter<\/strong>&nbsp;und&nbsp;<strong>Galvanizelle<\/strong>&nbsp;werden ebenso dargestellt wie die &#8222;<strong>Down-Elektrolysezelle<\/strong>&#8220; zur Chlorherstellung. Ein&nbsp;<strong>30-Fragen-TESTAT<\/strong>&nbsp;zu den Prozessen rundet das Ganze ab&#8230;<\/p>\n\n\n\n<figure class=\"wp-block-gallery columns-3 is-cropped wp-block-gallery-2 is-layout-flex wp-block-gallery-is-layout-flex\"><ul class=\"blocks-gallery-grid\"><li class=\"blocks-gallery-item\"><figure><img loading=\"lazy\" decoding=\"async\" width=\"380\" height=\"285\" src=\"http:\/\/interaktiv.chemieseiten.de\/wp-content\/uploads\/2020\/04\/redox_2d-1.jpg\" alt=\"\" data-id=\"218\" data-full-url=\"http:\/\/interaktiv.chemieseiten.de\/wp-content\/uploads\/2020\/04\/redox_2d-1.jpg\" data-link=\"http:\/\/interaktiv.chemieseiten.de\/?attachment_id=218\" class=\"wp-image-218\" srcset=\"https:\/\/www.chemieseiten.de\/wp-content\/uploads\/2020\/04\/redox_2d-1.jpg 380w, https:\/\/www.chemieseiten.de\/wp-content\/uploads\/2020\/04\/redox_2d-1-300x225.jpg 300w\" sizes=\"auto, (max-width: 380px) 100vw, 380px\" \/><\/figure><\/li><li class=\"blocks-gallery-item\"><figure><img loading=\"lazy\" decoding=\"async\" width=\"380\" height=\"285\" src=\"http:\/\/interaktiv.chemieseiten.de\/wp-content\/uploads\/2020\/04\/redox_4-1.jpg\" alt=\"\" data-id=\"219\" data-full-url=\"http:\/\/interaktiv.chemieseiten.de\/wp-content\/uploads\/2020\/04\/redox_4-1.jpg\" data-link=\"http:\/\/interaktiv.chemieseiten.de\/?attachment_id=219\" class=\"wp-image-219\" srcset=\"https:\/\/www.chemieseiten.de\/wp-content\/uploads\/2020\/04\/redox_4-1.jpg 380w, https:\/\/www.chemieseiten.de\/wp-content\/uploads\/2020\/04\/redox_4-1-300x225.jpg 300w\" sizes=\"auto, (max-width: 380px) 100vw, 380px\" \/><\/figure><\/li><li class=\"blocks-gallery-item\"><figure><img loading=\"lazy\" decoding=\"async\" width=\"380\" height=\"285\" src=\"http:\/\/interaktiv.chemieseiten.de\/wp-content\/uploads\/2020\/04\/redox_4a-1.jpg\" alt=\"\" data-id=\"220\" data-full-url=\"http:\/\/interaktiv.chemieseiten.de\/wp-content\/uploads\/2020\/04\/redox_4a-1.jpg\" data-link=\"http:\/\/interaktiv.chemieseiten.de\/?attachment_id=220\" class=\"wp-image-220\" srcset=\"https:\/\/www.chemieseiten.de\/wp-content\/uploads\/2020\/04\/redox_4a-1.jpg 380w, https:\/\/www.chemieseiten.de\/wp-content\/uploads\/2020\/04\/redox_4a-1-300x225.jpg 300w\" sizes=\"auto, (max-width: 380px) 100vw, 380px\" \/><\/figure><\/li><li class=\"blocks-gallery-item\"><figure><img loading=\"lazy\" decoding=\"async\" width=\"380\" height=\"285\" src=\"http:\/\/interaktiv.chemieseiten.de\/wp-content\/uploads\/2020\/04\/redox_5-1.jpg\" alt=\"\" data-id=\"221\" data-full-url=\"http:\/\/interaktiv.chemieseiten.de\/wp-content\/uploads\/2020\/04\/redox_5-1.jpg\" data-link=\"http:\/\/interaktiv.chemieseiten.de\/?attachment_id=221\" class=\"wp-image-221\" srcset=\"https:\/\/www.chemieseiten.de\/wp-content\/uploads\/2020\/04\/redox_5-1.jpg 380w, https:\/\/www.chemieseiten.de\/wp-content\/uploads\/2020\/04\/redox_5-1-300x225.jpg 300w\" sizes=\"auto, (max-width: 380px) 100vw, 380px\" \/><\/figure><\/li><li class=\"blocks-gallery-item\"><figure><img loading=\"lazy\" decoding=\"async\" width=\"380\" height=\"285\" src=\"http:\/\/interaktiv.chemieseiten.de\/wp-content\/uploads\/2020\/04\/redox_5d-1.jpg\" alt=\"\" data-id=\"222\" data-full-url=\"http:\/\/interaktiv.chemieseiten.de\/wp-content\/uploads\/2020\/04\/redox_5d-1.jpg\" data-link=\"http:\/\/interaktiv.chemieseiten.de\/?attachment_id=222\" class=\"wp-image-222\" srcset=\"https:\/\/www.chemieseiten.de\/wp-content\/uploads\/2020\/04\/redox_5d-1.jpg 380w, https:\/\/www.chemieseiten.de\/wp-content\/uploads\/2020\/04\/redox_5d-1-300x225.jpg 300w\" sizes=\"auto, (max-width: 380px) 100vw, 380px\" \/><\/figure><\/li><li class=\"blocks-gallery-item\"><figure><img loading=\"lazy\" decoding=\"async\" width=\"380\" height=\"285\" src=\"http:\/\/interaktiv.chemieseiten.de\/wp-content\/uploads\/2020\/04\/redox_6-1.jpg\" alt=\"\" data-id=\"223\" data-full-url=\"http:\/\/interaktiv.chemieseiten.de\/wp-content\/uploads\/2020\/04\/redox_6-1.jpg\" data-link=\"http:\/\/interaktiv.chemieseiten.de\/?attachment_id=223\" class=\"wp-image-223\" srcset=\"https:\/\/www.chemieseiten.de\/wp-content\/uploads\/2020\/04\/redox_6-1.jpg 380w, https:\/\/www.chemieseiten.de\/wp-content\/uploads\/2020\/04\/redox_6-1-300x225.jpg 300w\" sizes=\"auto, (max-width: 380px) 100vw, 380px\" \/><\/figure><\/li><\/ul><\/figure>\n\n\n\n<p class=\"has-black-background-color has-text-color has-background has-medium-font-size\" style=\"color:#ffee03\">Material<\/p>\n\n\n\n<div class=\"wp-block-file\"><a href=\"http:\/\/interaktiv.chemieseiten.de\/wp-content\/uploads\/2020\/04\/AB_4_erz_eisen_stahl_2.pdf\" target=\"_blank\" rel=\"noreferrer noopener\">AB_4_erz_eisen_stahl_2<\/a><a href=\"http:\/\/interaktiv.chemieseiten.de\/wp-content\/uploads\/2020\/04\/AB_4_erz_eisen_stahl_2.pdf\" class=\"wp-block-file__button\" download>Herunterladen<\/a><\/div>\n<div class=\"pvc_clear\"><\/div><p id=\"pvc_stats_217\" class=\"pvc_stats all  \" data-element-id=\"217\" style=\"\"><i class=\"pvc-stats-icon small\" aria-hidden=\"true\"><svg aria-hidden=\"true\" focusable=\"false\" data-prefix=\"far\" data-icon=\"chart-bar\" role=\"img\" xmlns=\"http:\/\/www.w3.org\/2000\/svg\" viewBox=\"0 0 512 512\" class=\"svg-inline--fa fa-chart-bar fa-w-16 fa-2x\"><path fill=\"currentColor\" d=\"M396.8 352h22.4c6.4 0 12.8-6.4 12.8-12.8V108.8c0-6.4-6.4-12.8-12.8-12.8h-22.4c-6.4 0-12.8 6.4-12.8 12.8v230.4c0 6.4 6.4 12.8 12.8 12.8zm-192 0h22.4c6.4 0 12.8-6.4 12.8-12.8V140.8c0-6.4-6.4-12.8-12.8-12.8h-22.4c-6.4 0-12.8 6.4-12.8 12.8v198.4c0 6.4 6.4 12.8 12.8 12.8zm96 0h22.4c6.4 0 12.8-6.4 12.8-12.8V204.8c0-6.4-6.4-12.8-12.8-12.8h-22.4c-6.4 0-12.8 6.4-12.8 12.8v134.4c0 6.4 6.4 12.8 12.8 12.8zM496 400H48V80c0-8.84-7.16-16-16-16H16C7.16 64 0 71.16 0 80v336c0 17.67 14.33 32 32 32h464c8.84 0 16-7.16 16-16v-16c0-8.84-7.16-16-16-16zm-387.2-48h22.4c6.4 0 12.8-6.4 12.8-12.8v-70.4c0-6.4-6.4-12.8-12.8-12.8h-22.4c-6.4 0-12.8 6.4-12.8 12.8v70.4c0 6.4 6.4 12.8 12.8 12.8z\" class=\"\"><\/path><\/svg><\/i> <img loading=\"lazy\" decoding=\"async\" width=\"16\" height=\"16\" alt=\"Loading\" src=\"https:\/\/www.chemieseiten.de\/wp-content\/plugins\/page-views-count\/ajax-loader-2x.gif\" border=0 \/><\/p><div class=\"pvc_clear\"><\/div> ","protected":false},"excerpt":{"rendered":"<p>R E D O X\u00a0\u00a0\u00a0\u00a0(12 MB)(Rechtsklick &#8211; &#8222;Link in neuem TAB \u00f6ffnen&#8220;) Elemente und ihre Oxide werden gezeigt und die Prozesse&nbsp;<abbr class='c2c-text-hover' title='chemische Reaktionsart, bei der ein Stoff mit Sauerstoff reagiert'>Oxidation<\/abbr>, <abbr class='c2c-text-hover' title='Eine Reduktion ist eine chemische Reaktion, bei der einem Oxid Sauerstoff entzogen wird. Ein Oxid wird aufgespalten.'>Reduktion<\/abbr> und <abbr class='c2c-text-hover' title='chemische Reaktionsart, bei der Oxidation und Reduktion gleichzeitig ablaufen.'>Redoxreaktion<\/abbr>&nbsp;werden ausf\u00fchrlich besprochen. Dabei werden die Reaktionen auch als Reaktionen mit&nbsp;Elektronen\u00fcbergang&nbsp;betrachtet und <abbr class='c2c-text-hover' title='chemische Reaktionsart, bei der ein Stoff mit Sauerstoff reagiert'>Oxidation<\/abbr> als auch <abbr class='c2c-text-hover' title='Eine Reduktion ist eine chemische Reaktion, bei der einem Oxid Sauerstoff entzogen wird. Ein Oxid wird aufgespalten.'>Reduktion<\/abbr> unter diesem Aspekt betrachtet.&nbsp;Technische Anwendungen&nbsp;dieser Prozesse werden erl\u00e4utert und Ger\u00e4te und chemische Reaktionen erkl\u00e4rt.&nbsp;Hochofen,&nbsp;Stahlkonverter&nbsp;und&nbsp;Galvanizelle&nbsp;werden ebenso dargestellt wie die &#8222;Down-Elektrolysezelle&#8220; zur Chlorherstellung.<\/p>\n<div class=\"pvc_clear\"><\/div>\n<p id=\"pvc_stats_217\" class=\"pvc_stats all  \" data-element-id=\"217\" style=\"\"><i class=\"pvc-stats-icon small\" aria-hidden=\"true\"><svg aria-hidden=\"true\" focusable=\"false\" data-prefix=\"far\" data-icon=\"chart-bar\" role=\"img\" xmlns=\"http:\/\/www.w3.org\/2000\/svg\" viewBox=\"0 0 512 512\" class=\"svg-inline--fa fa-chart-bar fa-w-16 fa-2x\"><path fill=\"currentColor\" d=\"M396.8 352h22.4c6.4 0 12.8-6.4 12.8-12.8V108.8c0-6.4-6.4-12.8-12.8-12.8h-22.4c-6.4 0-12.8 6.4-12.8 12.8v230.4c0 6.4 6.4 12.8 12.8 12.8zm-192 0h22.4c6.4 0 12.8-6.4 12.8-12.8V140.8c0-6.4-6.4-12.8-12.8-12.8h-22.4c-6.4 0-12.8 6.4-12.8 12.8v198.4c0 6.4 6.4 12.8 12.8 12.8zm96 0h22.4c6.4 0 12.8-6.4 12.8-12.8V204.8c0-6.4-6.4-12.8-12.8-12.8h-22.4c-6.4 0-12.8 6.4-12.8 12.8v134.4c0 6.4 6.4 12.8 12.8 12.8zM496 400H48V80c0-8.84-7.16-16-16-16H16C7.16 64 0 71.16 0 80v336c0 17.67 14.33 32 32 32h464c8.84 0 16-7.16 16-16v-16c0-8.84-7.16-16-16-16zm-387.2-48h22.4c6.4 0 12.8-6.4 12.8-12.8v-70.4c0-6.4-6.4-12.8-12.8-12.8h-22.4c-6.4 0-12.8 6.4-12.8 12.8v70.4c0 6.4 6.4 12.8 12.8 12.8z\" class=\"\"><\/path><\/svg><\/i> <img loading=\"lazy\" decoding=\"async\" width=\"16\" height=\"16\" alt=\"Loading\" src=\"https:\/\/www.chemieseiten.de\/wp-content\/plugins\/page-views-count\/ajax-loader-2x.gif\" border=0 \/><\/p>\n<div class=\"pvc_clear\"><\/div>\n","protected":false},"author":1,"featured_media":0,"parent":0,"menu_order":0,"comment_status":"closed","ping_status":"closed","template":"","meta":{"footnotes":""},"class_list":["post-217","page","type-page","status-publish","hentry"],"a3_pvc":{"activated":true,"total_views":3939,"today_views":1},"_links":{"self":[{"href":"https:\/\/www.chemieseiten.de\/index.php?rest_route=\/wp\/v2\/pages\/217","targetHints":{"allow":["GET"]}}],"collection":[{"href":"https:\/\/www.chemieseiten.de\/index.php?rest_route=\/wp\/v2\/pages"}],"about":[{"href":"https:\/\/www.chemieseiten.de\/index.php?rest_route=\/wp\/v2\/types\/page"}],"author":[{"embeddable":true,"href":"https:\/\/www.chemieseiten.de\/index.php?rest_route=\/wp\/v2\/users\/1"}],"replies":[{"embeddable":true,"href":"https:\/\/www.chemieseiten.de\/index.php?rest_route=%2Fwp%2Fv2%2Fcomments&post=217"}],"version-history":[{"count":0,"href":"https:\/\/www.chemieseiten.de\/index.php?rest_route=\/wp\/v2\/pages\/217\/revisions"}],"wp:attachment":[{"href":"https:\/\/www.chemieseiten.de\/index.php?rest_route=%2Fwp%2Fv2%2Fmedia&parent=217"}],"curies":[{"name":"wp","href":"https:\/\/api.w.org\/{rel}","templated":true}]}}